{"id":16,"date":"2013-03-31T23:58:41","date_gmt":"2013-03-31T22:58:41","guid":{"rendered":"http:\/\/www.expressyou.pt\/?page_id=16"},"modified":"2013-07-15T22:46:46","modified_gmt":"2013-07-15T21:46:46","slug":"quem-somos","status":"publish","type":"page","link":"https:\/\/www.expressyou.pt\/","title":{"rendered":"Quem somos"},"content":{"rendered":"<p>Expressyou \u00e9 uma empresa que iniciou a sua actividade na \u00e1rea do vending em 1996.<\/p>\n<p>Disponibilizamos um servi\u00e7o gratuito de coloca\u00e7\u00e3o de m\u00e1quinas de vending de bebidas quentes, bebidas frias e snacks. Ap\u00f3s a instala\u00e7\u00e3o das m\u00e1quinas de vending, o servi\u00e7o que prestamos inclui o abastecimento di\u00e1rio e a manuten\u00e7\u00e3o das m\u00e1quinas (a cargo de t\u00e9cnicos devidamente certificados).<\/p>\n<p>Excelentes solu\u00e7\u00f5es para obter um servi\u00e7o de vending 100% dispon\u00edvel seja a que horas for.<\/p>\n<p>Vantagens na escolha da Expressyou:<br \/>\n&#8211; Coloca\u00e7\u00e3o de equipamento em excelente estado de conserva\u00e7\u00e3o\/novo<br \/>\n&#8211; Abastecimento das m\u00e1quinas em 24 horas incluindo fins de semana e feriados.<br \/>\n&#8211; Apoio t\u00e9cnico imediato do representante do equipamento em Portugal<br \/>\n&#8211; Consum\u00edveis de marcas reconhecidas no mercado<\/p>\n<p><a href=\"http:\/\/www.expressyou.pt\/wp-content\/uploads\/2013\/04\/logo-expressyou.jpg\"><img loading=\"lazy\" decoding=\"async\" class=\"size-medium wp-image-23 aligncenter\" alt=\"logo-expressyou\" src=\"http:\/\/www.expressyou.pt\/wp-content\/uploads\/2013\/04\/logo-expressyou-300x211.jpg\" width=\"300\" height=\"211\" \/><\/a><\/p>\n","protected":false},"excerpt":{"rendered":"<p>Expressyou \u00e9 uma empresa que iniciou a sua actividade na \u00e1rea do vending em 1996. Disponibilizamos um servi\u00e7o gratuito de coloca\u00e7\u00e3o de m\u00e1quinas de vending de bebidas quentes, bebidas frias e snacks. Ap\u00f3s a instala\u00e7\u00e3o das m\u00e1quinas de vending, o servi\u00e7o que prestamos inclui o abastecimento di\u00e1rio e a manuten\u00e7\u00e3o &#8230;<\/p>\n","protected":false},"author":1,"featured_media":0,"parent":0,"menu_order":0,"comment_status":"open","ping_status":"open","template":"","meta":{"footnotes":""},"_links":{"self":[{"href":"https:\/\/www.expressyou.pt\/index.php?rest_route=\/wp\/v2\/pages\/16"}],"collection":[{"href":"https:\/\/www.expressyou.pt\/index.php?rest_route=\/wp\/v2\/pages"}],"about":[{"href":"https:\/\/www.expressyou.pt\/index.php?rest_route=\/wp\/v2\/types\/page"}],"author":[{"embeddable":true,"href":"https:\/\/www.expressyou.pt\/index.php?rest_route=\/wp\/v2\/users\/1"}],"replies":[{"embeddable":true,"href":"https:\/\/www.expressyou.pt\/index.php?rest_route=%2Fwp%2Fv2%2Fcomments&post=16"}],"version-history":[{"count":4,"href":"https:\/\/www.expressyou.pt\/index.php?rest_route=\/wp\/v2\/pages\/16\/revisions"}],"predecessor-version":[{"id":379,"href":"https:\/\/www.expressyou.pt\/index.php?rest_route=\/wp\/v2\/pages\/16\/revisions\/379"}],"wp:attachment":[{"href":"https:\/\/www.expressyou.pt\/index.php?rest_route=%2Fwp%2Fv2%2Fmedia&parent=16"}],"curies":[{"name":"wp","href":"https:\/\/api.w.org\/{rel}","templated":true}]}}