{"id":19,"date":"2013-04-01T00:04:01","date_gmt":"2013-03-31T23:04:01","guid":{"rendered":"http:\/\/www.expressyou.pt\/?page_id=19"},"modified":"2013-10-05T00:26:28","modified_gmt":"2013-10-04T23:26:28","slug":"cartoes-e-chaves","status":"publish","type":"page","link":"https:\/\/www.expressyou.pt\/?page_id=19","title":{"rendered":"Cart\u00f5es e Chaves"},"content":{"rendered":"<p>A Expressyou conta com a tecnologia dos smart <a href=\"http:\/\/www.expressyou.pt\/wp-content\/uploads\/2013\/05\/cartaoechave.jpg\"><img loading=\"lazy\" decoding=\"async\" class=\"size-full wp-image-273 alignright\" alt=\"cartaoechave\" src=\"http:\/\/www.expressyou.pt\/wp-content\/uploads\/2013\/05\/cartaoechave.jpg\" width=\"240\" height=\"180\" srcset=\"https:\/\/www.expressyou.pt\/wp-content\/uploads\/2013\/05\/cartaoechave.jpg 240w, https:\/\/www.expressyou.pt\/wp-content\/uploads\/2013\/05\/cartaoechave-150x112.jpg 150w, https:\/\/www.expressyou.pt\/wp-content\/uploads\/2013\/05\/cartaoechave-31x23.jpg 31w, https:\/\/www.expressyou.pt\/wp-content\/uploads\/2013\/05\/cartaoechave-38x28.jpg 38w\" sizes=\"(max-width: 240px) 100vw, 240px\" \/><\/a>cards para facilitar a utiliza\u00e7\u00e3o das suas m\u00e1quinas em empresas com pre\u00e7os selectivos. Assim poder\u00e1 carregar o seu cart\u00e3o para que v\u00e1 descontando cada vez que necessitar de efectuar compras e n\u00e3o tenha dinheiro trocado. Pode tamb\u00e9m servir como meio de identifica\u00e7\u00e3o para obter pre\u00e7os especiais para empregados em m\u00e1quinas que estejam situadas em \u00e1reas p\u00fablicas na empresa.<\/p>\n<p>Contacte-nos para conhecer melhor todas as nossas solu\u00e7\u00f5es para si!<\/p>\n<p>&nbsp;<\/p>\n","protected":false},"excerpt":{"rendered":"<p>A Expressyou conta com a tecnologia dos smart cards para facilitar a utiliza\u00e7\u00e3o das suas m\u00e1quinas em empresas com pre\u00e7os selectivos. Assim poder\u00e1 carregar o seu cart\u00e3o para que v\u00e1 descontando cada vez que necessitar de efectuar compras e n\u00e3o tenha dinheiro trocado. Pode tamb\u00e9m servir como meio de identifica\u00e7\u00e3o &#8230;<\/p>\n","protected":false},"author":1,"featured_media":0,"parent":0,"menu_order":0,"comment_status":"open","ping_status":"open","template":"","meta":{"footnotes":""},"_links":{"self":[{"href":"https:\/\/www.expressyou.pt\/index.php?rest_route=\/wp\/v2\/pages\/19"}],"collection":[{"href":"https:\/\/www.expressyou.pt\/index.php?rest_route=\/wp\/v2\/pages"}],"about":[{"href":"https:\/\/www.expressyou.pt\/index.php?rest_route=\/wp\/v2\/types\/page"}],"author":[{"embeddable":true,"href":"https:\/\/www.expressyou.pt\/index.php?rest_route=\/wp\/v2\/users\/1"}],"replies":[{"embeddable":true,"href":"https:\/\/www.expressyou.pt\/index.php?rest_route=%2Fwp%2Fv2%2Fcomments&post=19"}],"version-history":[{"count":9,"href":"https:\/\/www.expressyou.pt\/index.php?rest_route=\/wp\/v2\/pages\/19\/revisions"}],"predecessor-version":[{"id":374,"href":"https:\/\/www.expressyou.pt\/index.php?rest_route=\/wp\/v2\/pages\/19\/revisions\/374"}],"wp:attachment":[{"href":"https:\/\/www.expressyou.pt\/index.php?rest_route=%2Fwp%2Fv2%2Fmedia&parent=19"}],"curies":[{"name":"wp","href":"https:\/\/api.w.org\/{rel}","templated":true}]}}