{"id":25,"date":"2013-04-01T00:06:21","date_gmt":"2013-03-31T23:06:21","guid":{"rendered":"http:\/\/www.expressyou.pt\/?page_id=25"},"modified":"2013-10-05T00:27:20","modified_gmt":"2013-10-04T23:27:20","slug":"entregas-em-24h","status":"publish","type":"page","link":"https:\/\/www.expressyou.pt\/?page_id=25","title":{"rendered":"Entregas em 24h"},"content":{"rendered":"<p>Entregamos em qualquer parte do pa\u00eds em 24 horas se a sua encomenda for efectuada at\u00e9 \u00e0s 10 horas da manh\u00e3.<\/p>\n<p>A efici\u00eancia s\u00f3 se torna real com o esfor\u00e7o da nossa equipa de trabalho. Estamos c\u00e1 para o servir e para isso queremos que se prove a nossa efici\u00eancia neste ponto. Teste-nos e se n\u00e3o ficar satisfeito iremos fazer tudo at\u00e9 que nos devolva um sorriso.<\/p>\n<p><a href=\"http:\/\/www.expressyou.pt\/wp-content\/uploads\/2013\/04\/KikkoRY+SnakkyRY_a.jpg\"><img loading=\"lazy\" decoding=\"async\" class=\"alignnone size-medium wp-image-26\" alt=\"KikkoRY+SnakkyRY_a\" src=\"http:\/\/www.expressyou.pt\/wp-content\/uploads\/2013\/04\/KikkoRY+SnakkyRY_a-500x375.jpg\" width=\"500\" height=\"375\" srcset=\"https:\/\/www.expressyou.pt\/wp-content\/uploads\/2013\/04\/KikkoRY+SnakkyRY_a-500x375.jpg 500w, https:\/\/www.expressyou.pt\/wp-content\/uploads\/2013\/04\/KikkoRY+SnakkyRY_a-150x112.jpg 150w, https:\/\/www.expressyou.pt\/wp-content\/uploads\/2013\/04\/KikkoRY+SnakkyRY_a-31x23.jpg 31w, https:\/\/www.expressyou.pt\/wp-content\/uploads\/2013\/04\/KikkoRY+SnakkyRY_a-38x28.jpg 38w, https:\/\/www.expressyou.pt\/wp-content\/uploads\/2013\/04\/KikkoRY+SnakkyRY_a-286x215.jpg 286w, https:\/\/www.expressyou.pt\/wp-content\/uploads\/2013\/04\/KikkoRY+SnakkyRY_a.jpg 640w\" sizes=\"(max-width: 500px) 100vw, 500px\" \/><\/a><\/p>\n","protected":false},"excerpt":{"rendered":"<p>Entregamos em qualquer parte do pa\u00eds em 24 horas se a sua encomenda for efectuada at\u00e9 \u00e0s 10 horas da manh\u00e3. A efici\u00eancia s\u00f3 se torna real com o esfor\u00e7o da nossa equipa de trabalho. Estamos c\u00e1 para o servir e para isso queremos que se prove a nossa efici\u00eancia &#8230;<\/p>\n","protected":false},"author":1,"featured_media":0,"parent":0,"menu_order":0,"comment_status":"open","ping_status":"open","template":"","meta":{"footnotes":""},"_links":{"self":[{"href":"https:\/\/www.expressyou.pt\/index.php?rest_route=\/wp\/v2\/pages\/25"}],"collection":[{"href":"https:\/\/www.expressyou.pt\/index.php?rest_route=\/wp\/v2\/pages"}],"about":[{"href":"https:\/\/www.expressyou.pt\/index.php?rest_route=\/wp\/v2\/types\/page"}],"author":[{"embeddable":true,"href":"https:\/\/www.expressyou.pt\/index.php?rest_route=\/wp\/v2\/users\/1"}],"replies":[{"embeddable":true,"href":"https:\/\/www.expressyou.pt\/index.php?rest_route=%2Fwp%2Fv2%2Fcomments&post=25"}],"version-history":[{"count":4,"href":"https:\/\/www.expressyou.pt\/index.php?rest_route=\/wp\/v2\/pages\/25\/revisions"}],"predecessor-version":[{"id":376,"href":"https:\/\/www.expressyou.pt\/index.php?rest_route=\/wp\/v2\/pages\/25\/revisions\/376"}],"wp:attachment":[{"href":"https:\/\/www.expressyou.pt\/index.php?rest_route=%2Fwp%2Fv2%2Fmedia&parent=25"}],"curies":[{"name":"wp","href":"https:\/\/api.w.org\/{rel}","templated":true}]}}