{"id":32,"date":"2013-04-01T00:08:32","date_gmt":"2013-03-31T23:08:32","guid":{"rendered":"http:\/\/www.expressyou.pt\/?page_id=32"},"modified":"2013-10-05T00:24:28","modified_gmt":"2013-10-04T23:24:28","slug":"assistencia-tecnica-max-4h","status":"publish","type":"page","link":"https:\/\/www.expressyou.pt\/?page_id=32","title":{"rendered":"Assist\u00eancia T\u00e9cnica &#8211; m\u00e1x 4h"},"content":{"rendered":"<p>Os Servi\u00e7os t\u00e9cnicos da ExpressYou primam pela rapidez de resposta. Estamos empenhados em garantir a satisfa\u00e7\u00e3o dos nossos clientes e para isso damos extrema import\u00e2ncia \u00e0 rapidez na repara\u00e7\u00e3o e assist\u00eancia do servi\u00e7o. Depois de nos contactar damos assist\u00eancia num espa\u00e7o de 4 horas. Esperamos com isto garantir a satisfa\u00e7\u00e3o do cliente, item primordial na ExpressYou.<\/p>\n<p><a href=\"http:\/\/www.expressyou.pt\/wp-content\/uploads\/2013\/04\/7600ProductionHR.jpg\"><img loading=\"lazy\" decoding=\"async\" class=\"alignnone size-medium wp-image-27\" alt=\"7600ProductionHR\" src=\"http:\/\/www.expressyou.pt\/wp-content\/uploads\/2013\/04\/7600ProductionHR-500x333.jpg\" width=\"500\" height=\"333\" srcset=\"https:\/\/www.expressyou.pt\/wp-content\/uploads\/2013\/04\/7600ProductionHR-500x333.jpg 500w, https:\/\/www.expressyou.pt\/wp-content\/uploads\/2013\/04\/7600ProductionHR-150x100.jpg 150w, https:\/\/www.expressyou.pt\/wp-content\/uploads\/2013\/04\/7600ProductionHR-31x20.jpg 31w, https:\/\/www.expressyou.pt\/wp-content\/uploads\/2013\/04\/7600ProductionHR-38x25.jpg 38w, https:\/\/www.expressyou.pt\/wp-content\/uploads\/2013\/04\/7600ProductionHR-322x215.jpg 322w, https:\/\/www.expressyou.pt\/wp-content\/uploads\/2013\/04\/7600ProductionHR.jpg 640w\" sizes=\"(max-width: 500px) 100vw, 500px\" \/><\/a><\/p>\n","protected":false},"excerpt":{"rendered":"<p>Os Servi\u00e7os t\u00e9cnicos da ExpressYou primam pela rapidez de resposta. Estamos empenhados em garantir a satisfa\u00e7\u00e3o dos nossos clientes e para isso damos extrema import\u00e2ncia \u00e0 rapidez na repara\u00e7\u00e3o e assist\u00eancia do servi\u00e7o. Depois de nos contactar damos assist\u00eancia num espa\u00e7o de 4 horas. Esperamos com isto garantir a satisfa\u00e7\u00e3o &#8230;<\/p>\n","protected":false},"author":1,"featured_media":0,"parent":0,"menu_order":0,"comment_status":"open","ping_status":"open","template":"","meta":{"footnotes":""},"_links":{"self":[{"href":"https:\/\/www.expressyou.pt\/index.php?rest_route=\/wp\/v2\/pages\/32"}],"collection":[{"href":"https:\/\/www.expressyou.pt\/index.php?rest_route=\/wp\/v2\/pages"}],"about":[{"href":"https:\/\/www.expressyou.pt\/index.php?rest_route=\/wp\/v2\/types\/page"}],"author":[{"embeddable":true,"href":"https:\/\/www.expressyou.pt\/index.php?rest_route=\/wp\/v2\/users\/1"}],"replies":[{"embeddable":true,"href":"https:\/\/www.expressyou.pt\/index.php?rest_route=%2Fwp%2Fv2%2Fcomments&post=32"}],"version-history":[{"count":3,"href":"https:\/\/www.expressyou.pt\/index.php?rest_route=\/wp\/v2\/pages\/32\/revisions"}],"predecessor-version":[{"id":372,"href":"https:\/\/www.expressyou.pt\/index.php?rest_route=\/wp\/v2\/pages\/32\/revisions\/372"}],"wp:attachment":[{"href":"https:\/\/www.expressyou.pt\/index.php?rest_route=%2Fwp%2Fv2%2Fmedia&parent=32"}],"curies":[{"name":"wp","href":"https:\/\/api.w.org\/{rel}","templated":true}]}}